{"id":46,"date":"2025-12-10T15:07:44","date_gmt":"2025-12-10T14:07:44","guid":{"rendered":"http:\/\/silentsource.pl\/?page_id=46"},"modified":"2025-12-10T19:09:15","modified_gmt":"2025-12-10T18:09:15","slug":"polityka-prywatnosci","status":"publish","type":"page","link":"https:\/\/sutenerzytrojmiasta.pl\/?page_id=46","title":{"rendered":"Polityka prywatno\u015bci"},"content":{"rendered":"\n<details class=\"wp-block-details is-layout-flow wp-block-details-is-layout-flow\"><summary>Polityka prywatno\u015bci<br>\u00a0<br>W wykonaniu obowi\u0105zku informacyjnego okre\u015blonego Rozporz\u0105dzeniem Parlamentu Europejskiego i Rady (UE) 2016\/679 z dnia 27 kwietnia 2016 r. w sprawie ochrony os\u00f3b fizycznych w zwi\u0105zku z przetwarzaniem danych osobowych i w sprawie swobodnego przep\u0142ywu takich danych oraz uchylenia dyrektywy 95\/46\/WE (og\u00f3lne rozporz\u0105dzenie o ochronie danych) (dalej: \u201eRODO\u201d), Administrator danych osobowych informuje, \u017ce:<br><br>Administratorem danych osobowych u\u017cytkownik\u00f3w Sklepu SilentSource jest: \u00a0Bertold Kittel, prowadz\u0105cy dzia\u0142alno\u015b\u0107 gospodarcz\u0105 pod firm\u0105 &#8222;Wydawnictwo Silent Source Bertold Kittel&#8221;, ul. W\u0142adys\u0142awa Pytlasi\u0144skiego 16\/13, 00-777 Warszawa, NIP: 7351315477, REGON: 543398278,\u00a0zarejestrowany i widoczny w Centralnej Ewidencji i Informacji o Dzia\u0142alno\u015bci Gospodarczej.<br><br>Z Administratorem danych osobowych mo\u017cna kontaktowa\u0107 si\u0119:<br>1) pod adresem korespondencyjnym: Wydawnictwo Silent Source Bertold Kittel, ul. W\u0142adys\u0142awa Pytlasi\u0144skiego 16\/13, 00-777 Warszawa<br>2) pod adresem poczty elektronicznej: kontakt@sutenerzytrojmiasta.pl<br>3) telefonicznie pod nr telefonu: \u2026\u2026\u2026\u2026\u2026\u2026..<br>Dane osobowe Kupuj\u0105cego mog\u0105 by\u0107 przetwarzane w nast\u0119puj\u0105cych celach, na nast\u0119puj\u0105cych podstawach prawnych i w nast\u0119puj\u0105cych okresach:<br>zawarcie i wykonanie umowy o \u015bwiadczenie us\u0142ug drog\u0105 elektroniczn\u0105 &#8211; art. 6 ust. 1 lit. b RODO &#8211; dane osobowe b\u0119d\u0105 przechowywane przez czas wykonania umowy o \u015bwiadczenie us\u0142ug drog\u0105 elektroniczn\u0105, a nast\u0119pnie przez okres przewidziany przepisami prawa,<br>zawarcie i wykonanie umowy sprzeda\u017cy \u2013 art. 6 ust. 1 lit. b RODO &#8211; dane osobowe b\u0119d\u0105 przechowywane przez czas wykonania umowy sprzeda\u017cy, a nast\u0119pnie przez okres przewidziany przepisami prawa,<br>realizacja obowi\u0105zk\u00f3w podatkowo-ksi\u0119gowych \u2013 art. 6 ust. 1 lit. c RODO &#8211; dane osobowe b\u0119d\u0105 przechowywane przez okres konieczny do wype\u0142nienia obowi\u0105zku podatkowego ci\u0105\u017c\u0105cego na Administratorze danych osobowych;<br>obrona, dochodzenia lub ustalenie roszcze\u0144 zwi\u0105zanych z umow\u0105, co jest prawnie uzasadnionym interesem realizowanym przez Sprzedawc\u0119 \u2013 art. 6 ust. 1 lit. f RODO &#8211; dane osobowe b\u0119d\u0105 przetwarzane przez okres dochodzenia roszcze\u0144, maksymalnie do momentu przedawnienia roszcze\u0144;<br>obs\u0142uga zapyta\u0144 kierowanych przez Kupuj\u0105cych przed zawarciem umowy, co jest niezb\u0119dne do podj\u0119cia dzia\u0142a\u0144 na \u017c\u0105danie osoby, kt\u00f3rej dane dotycz\u0105, przed zawarciem umowy \u2013 art. 6 ust. 1 lit. b RODO \u2013 dane osobowe b\u0119d\u0105 przetwarzane przez czas nawi\u0105zania kontaktu i za\u0142atwienia sprawy;<br>celach marketingowych na podstawie &#8211; art. 6 ust. 1 lit. a lub f RODO &#8211; dane osobowe b\u0119d\u0105 przetwarzane przez czas trwania akcji marketingowej lub do momentu cofni\u0119cia zgody na ich przetwarzanie lub zg\u0142oszenia sprzeciwu wobec przetwarzana danych;<br>celach zwi\u0105zanych z technologi\u0105 cookies &#8211; art. 6 ust. 1 lit. a RODO &#8211; dane osobowe b\u0119d\u0105 przetwarzane do czasu usuni\u0119cia tych plik\u00f3w przy pomocy ustawie\u0144 przegl\u0105darki (przy czym usuni\u0119cie plik\u00f3w nie zawsze jest to\u017csame z usuni\u0119ciem danych osobowych uzyskanych za po\u015brednictwem tych plik\u00f3w, st\u0105d mo\u017cliwo\u015b\u0107 sprzeciwu). Dane b\u0119d\u0105 przetwarzane do czasu wycofania zgody.<br>W celu realizacji umowy o \u015bwiadczenie us\u0142ug Administrator przetwarza r\u00f3wnie\u017c informacje dotycz\u0105ce urz\u0105dzenia Kupuj\u0105cego w celu zapewnienia poprawno\u015bci dzia\u0142ania us\u0142ug: adres IP komputera, informacje zawarte w plikach cookies lub innych podobnych technologiach, dane dotycz\u0105ce sesji, dane przegl\u0105darki internetowej, dane dotycz\u0105ce urz\u0105dzenia, dane dotycz\u0105ce aktywno\u015bci na Stronie, w tym na poszczeg\u00f3lnych podstronach. Dane te s\u0105 przetwarzane zgodnie z art. 6 ust. 1 lit. b RODO, w celu realizacji us\u0142ug , tj. umowy o \u015bwiadczenie us\u0142ug zgodnie z Regulaminem Sklepu i jego za\u0142\u0105cznikami, zgodnie z art. 6 ust. 1 lit. a RODO w zwi\u0105zku z wyra\u017ceniem zgody na stosowanie okre\u015blonych plik\u00f3w cookies lub innych podobnych technologii, wyra\u017conych przez odpowiednie ustawienia przegl\u0105darki internetowej zgodnie z Prawem komunikacji elektronicznej (dalej: ,,PKE\u2019\u2019). Dane s\u0105 przetwarzane do czasu zako\u0144czenia korzystania przez Klienta ze Sklepu.<br>Odbiorcami danych osobowych Kupuj\u0105cego lub kategoriami odbiorc\u00f3w s\u0105:<br>urz\u0119dy skarbowy Warszawa Ursyn\u00f3w<br>biuro rachunkowe,<br>kancelaria prawna,<br>hostingodawca &#8211; home.pl<br>dostawca systemu do fakturowania,<br>dostawca systemu mailingowego &#8211; home.pl<br>Google Analytics,<br>media spo\u0142eczno\u015bciowe: Facebook, Twitter<br>banki<br>podmioty obs\u0142uguj\u0105ce p\u0142atno\u015bci.<br>Ka\u017cdej osobie, kt\u00f3rej dane dotycz\u0105, przys\u0142uguje:<br>prawo do dost\u0119pu do swoich danych osobowych<br>prawo do sprostowania swoich danych osobowych<br>prawo do usuni\u0119cia swoich danych osobowych (\u201eprawo do bycia zapomnianym\u201d)<br>prawo do ograniczenia przetwarzania swoich danych osobowych<br>prawo do przenoszenia swoich danych osobowych<br>prawo do sprzeciwu wobec przetwarzania swoich danych osobowych<br>prawo wniesienia skargi do organu nadzorczego.<br>Je\u017celi przetwarzanie odbywa si\u0119 na podstawie:<br>a) art. 6 ust. 1 lit. a) RODO (osoba, kt\u00f3rej dane dotycz\u0105 wyrazi\u0142a zgod\u0119 na przetwarzanie swoich danych osobowych w jednym lub wi\u0119kszej liczbie okre\u015blonych cel\u00f3w) lub<br>b) art. 9 ust. 2 lit. a) RODO (osoba, kt\u00f3rej dane dotycz\u0105, wyrazi\u0142a wyra\u017an\u0105 zgod\u0119 na przetwarzanie szczeg\u00f3lnych kategorii danych osobowych w jednym lub kilku konkretnych celach, chyba \u017ce prawo Unii lub prawo pa\u0144stwa cz\u0142onkowskiego przewiduj\u0105, i\u017c osoba, kt\u00f3rej dane dotycz\u0105, nie mo\u017ce uchyli\u0107 zakazu, o kt\u00f3rym mowa art. 9 ust. 1 RODO)<br>&#8211; ka\u017cdej osoba, kt\u00f3rej dane dotycz\u0105, przys\u0142uguje prawo do cofni\u0119cia zgody w dowolnym momencie bez wp\u0142ywu na zgodno\u015b\u0107 z prawem przetwarzania, kt\u00f3rego dokonano na podstawie zgody przed jej cofni\u0119ciem.<br>Osoba, kt\u00f3rej dane dotycz\u0105, ma prawo w dowolnym momencie wnie\u015b\u0107 sprzeciw wobec przetwarzania dotycz\u0105cych jej danych osobowych w nast\u0119puj\u0105cych sytuacjach:<br>wobec przetwarzania dotycz\u0105cych jej danych osobowych opartego na art. 6 ust. 1 lit. e) RODO [przetwarzanie jest niezb\u0119dne do wykonania zadania realizowanego w interesie publicznym lub w ramach sprawowania w\u0142adzy publicznej powierzonej administratorowi] lub art. 6 ust. 1 lit. f) RODO [przetwarzanie jest niezb\u0119dne do cel\u00f3w wynikaj\u0105cych z prawnie uzasadnionych interes\u00f3w realizowanych przez administratora lub przez stron\u0119 trzeci\u0105, z wyj\u0105tkiem sytuacji, w kt\u00f3rych nadrz\u0119dny charakter wobec tych interes\u00f3w maj\u0105 interesy lub podstawowe prawa i wolno\u015bci osoby, kt\u00f3rej dane dotycz\u0105, wymagaj\u0105ce ochrony danych osobowych, w szczeg\u00f3lno\u015bci gdy osoba, kt\u00f3rej dane dotycz\u0105, jest dzieckiem], w tym profilowania na podstawie tych przepis\u00f3w, z przyczyn zwi\u0105zanych ze szczeg\u00f3ln\u0105 sytuacj\u0105 osoby, kt\u00f3rej dane dotycz\u0105;<br>Administratorowi danych osobowych nie wolno ju\u017c przetwarza\u0107 tych danych osobowych, chyba \u017ce wyka\u017ce on istnienie wa\u017cnych prawnie uzasadnionych podstaw do przetwarzania, nadrz\u0119dnych wobec interes\u00f3w, praw i wolno\u015bci osoby, kt\u00f3rej dane dotycz\u0105, lub podstaw do ustalenia, dochodzenia lub obrony roszcze\u0144,<br>wobec przetwarzania dotycz\u0105cych jej danych osobowych na potrzeby marketingu bezpo\u015bredniego, w tym profilowania, w zakresie w jakim przetwarzanie jest zwi\u0105zane z takim marketingiem bezpo\u015brednim,<br>wobec przetwarzania dotycz\u0105cych jej danych osobowych do cel\u00f3w bada\u0144 naukowych lub historycznych lub do cel\u00f3w statystycznych na mocy art. 89 ust. 1 RODO, z przyczyn zwi\u0105zanych z jej szczeg\u00f3ln\u0105 sytuacj\u0105, chyba \u017ce przetwarzanie jest niezb\u0119dne do wykonania zadania realizowanego w interesie publicznym.<br>Aby skorzysta\u0107 z wy\u017cej wymienionych praw, osoba kt\u00f3rej dane dotycz\u0105, powinna skontaktowa\u0107 si\u0119, wykorzystuj\u0105c podane dane kontaktowe, z Administratorem danych osobowych i poinformowa\u0107 go, z kt\u00f3rego prawa i w jakim zakresie chce skorzysta\u0107.<br>Osoba, kt\u00f3rej dane dotycz\u0105, ma prawo wnie\u015b\u0107 skarg\u0119 do organu nadzoru, kt\u00f3rym w Polsce jest Prezes Urz\u0119du Ochrony Danych Osobowych z siedzib\u0105 w Warszawie, przy ul. Stawki 2, z kt\u00f3rym mo\u017cna kontaktowa\u0107 si\u0119 w nast\u0119puj\u0105cy spos\u00f3b:<br>1) listownie: ul. Stawki 2, 00-193 Warszawa;<br>2) przez elektroniczn\u0105 skrzynk\u0119 podawcz\u0105 dost\u0119pn\u0105 na stronie: <a href=\"https:\/\/uodo.gov.pl\/pl\/p\/kontakt\">https:\/\/uodo.gov.pl\/pl\/p\/kontakt<\/a> ;<br>3) telefonicznie: (22) 531 03 00.<br>Podanie danych osobowych przez Kupuj\u0105cego jest warunkiem zawarcia umowy. W celu zawarcia umowy, osoba jest zobowi\u0105zania do ich podania, za\u015b ich niepodanie spowoduje, \u017ce zawarcie i realizacja umowy b\u0119d\u0105 niemo\u017cliwe.<br>Bezpiecze\u0144stwo przetwarzania<br>Administrator danych osobowych wdra\u017ca odpowiednie \u015brodki techniczne i organizacyjne, aby zapewni\u0107 stopie\u0144 bezpiecze\u0144stwa odpowiadaj\u0105cy temu ryzyku, w tym mi\u0119dzy innymi w stosownym przypadku:<br>a) pseudonimizacj\u0119 i szyfrowanie danych osobowych;<br>b) zdolno\u015b\u0107 do ci\u0105g\u0142ego zapewnienia poufno\u015bci, integralno\u015bci, dost\u0119pno\u015bci i odporno\u015bci system\u00f3w i us\u0142ug przetwarzania;<br>c) zdolno\u015b\u0107 do szybkiego przywr\u00f3cenia dost\u0119pno\u015bci danych osobowych i dost\u0119pu do nich w razie incydentu fizycznego lub technicznego;<br>d) regularne testowanie, mierzenie i ocenianie skuteczno\u015bci \u015brodk\u00f3w technicznych i organizacyjnych maj\u0105cych zapewni\u0107 bezpiecze\u0144stwo przetwarzania.<br>System Administratora wykorzystuje technologi\u0119 plik\u00f3w cookies, czyli niewielkie informacje tekstowe wysy\u0142ane przez serwer WWW, kt\u00f3ry odwiedza Kupuj\u0105cy, i zapisywane na stronie Kupuj\u0105cego, zazwyczaj na twardym dysku urz\u0105dzenia ko\u0144cowego (komputer, tablet, laptop, smartfon), z kt\u00f3rego korzysta on w celu przegl\u0105dania stron internetowych. Administrator stosuje nast\u0119puj\u0105ce pliki cookies podmiot\u00f3w trzecich w ramach Strony:<br>\u2026\u2026\u2026\u2026\u2026\u2026\u2026\u2026\u2026.<br>W celu korzystania z us\u0142ug przez Kupuj\u0105cego, konieczne jest posiadanie:<br>komputera lub innego urz\u0105dzenia z dost\u0119pem do Internetu,<br>standardowy system operacyjny,<br>standardowa przegl\u0105darka internetowa,<br>posiadanie aktywnego adresu poczty elektronicznej,<br>w\u0142\u0105czenie w przegl\u0105darce internetowej Cookies.<br>Administrator w ramach Sklepu stosuje nast\u0119puj\u0105ce formularze:<br>Formularz kontaktowy \u2013 umo\u017cliwia nawi\u0105zanie kontaktu z Administratorem danych osobowych drog\u0105 elektroniczn\u0105. Formularz kontaktowy wymaga podania: imienia i nazwiska, nr telefonu, adresu e-mail. Dane osobowe przetwarzane s\u0105 zgodnie z niniejsz\u0105 Polityk\u0105 Prywatno\u015bci. Dane osobowe b\u0119d\u0105 przetwarzane maksymalnie do momentu przedawnienia roszcze\u0144.<br>Formularz rejestracyjny w Sklepie \u2013 umo\u017cliwia za\u0142o\u017cenie Kupuj\u0105cemu konta w sklepie online i dokonywanie z poziomu Konta zakup\u00f3w Produkt\u00f3w. Formularz rejestracyjny w Sklepie wymaga podania: imienia i nazwiska, nr telefonu, adresu e-mail. Dane osobowe przetwarzane s\u0105 zgodnie z niniejsz\u0105 Polityk\u0105 Prywatno\u015bci. Dane osobowe b\u0119d\u0105 przetwarzane maksymalnie do momentu przedawnienia roszcze\u0144 oraz przez okres konieczny do wype\u0142nienia obowi\u0105zku podatkowego ci\u0105\u017c\u0105cego na Administratorze danych osobowych;<br>Formularz Zam\u00f3wienia \u2013 umo\u017cliwia dokonanie zam\u00f3wienia i zawarcie umowy sprzeda\u017cy drog\u0105 elektroniczn\u0105. Formularz Zam\u00f3wienia wymaga podania: imienia, nazwiska\/ nazwa firmy (opcjonalnie), miejsce wydania Zam\u00f3wienia (miejscowo\u015b\u0107, kod pocztowy, ulica i nr domu), adresu e-mail, numeru telefonu, NIP (opcjonalnie). Dane osobowe przetwarzane s\u0105 zgodnie z niniejsz\u0105 Polityk\u0105 Prywatno\u015bci. Dane osobowe b\u0119d\u0105 przetwarzane maksymalnie do momentu przedawnienia roszcze\u0144 oraz przez okres konieczny do wype\u0142nienia obowi\u0105zku podatkowego ci\u0105\u017c\u0105cego na Administratorze danych osobowych;<br>Formularz odst\u0105pienia od umowy &#8211; umo\u017cliwia Kupuj\u0105cemu na warunkach opisanych w Regulaminie Sklepu odst\u0105pienie od umowy. Formularz odst\u0105pienia od umowy wymaga podania: imienia i nazwiska, adresu. Skorzystanie z formularza udost\u0119pnionego przez sprzedawc\u0119 nie jest konieczne. Dane osobowe przetwarzane s\u0105 zgodnie z niniejsz\u0105 Polityk\u0105 Prywatno\u015bci. Dane osobowe b\u0119d\u0105 przetwarzane w celu realizacji post\u0119powania zwi\u0105zanego z odst\u0105pieniem od umowy oraz maksymalnie do momentu przedawnienia roszcze\u0144.<br>Formularz zapisu na newsletter \u2013 umo\u017cliwia Kupuj\u0105cemu zapis do newslettera. Formularz zapisu na newsletter wymaga podania: imienia i adresu e-mail. Dane osobowe przetwarzane s\u0105 zgodnie z niniejsz\u0105 Polityk\u0105 Prywatno\u015bci. Poprzez zapis na newsletter U\u017cytkownik wyra\u017ca zgod\u0119 na:<br>&#8211; wysy\u0142anie mu informacji marketingowych i handlowych za pomoc\u0105 e-maila,<br>&#8211; wykorzystywanie przez Administratora telekomunikacyjnych urz\u0105dze\u0144 ko\u0144cowych U\u017cytkownika w celu marketingu bezpo\u015bredniego produkt\u00f3w i us\u0142ug Administratora zgodnie z art. 398 PKE w zw. z art. 400 PKE.<br>Powy\u017csze zgody s\u0105 dobrowolne, jednak\u017ce konieczne do wysy\u0142ki newslettera. Zgody mog\u0105 zosta\u0107 w ka\u017cdej chwili wycofane, co spowoduje zaprzestanie wysy\u0142ania newslettera zgodnie z zasadami zawartymi w niniejszej Polityce Prywatno\u015bci.<br>Polityka Prywatno\u015bci mo\u017ce by\u0107 uzupe\u0142niana lub uaktualniana zgodnie z bie\u017c\u0105cymi potrzebami Administratora danych osobowych w celu zapewnienia aktualnej i rzetelnej informacji Kupuj\u0105cym dotycz\u0105cej ich danych osobowych i informacji o nich.<\/summary>\n<p><\/p>\n<\/details>\n","protected":false},"excerpt":{"rendered":"","protected":false},"author":1,"featured_media":0,"parent":0,"menu_order":0,"comment_status":"closed","ping_status":"closed","template":"","meta":{"footnotes":""},"class_list":["post-46","page","type-page","status-publish","hentry"],"yoast_head":"<!-- This site is optimized with the Yoast SEO plugin v26.5 - https:\/\/yoast.com\/wordpress\/plugins\/seo\/ -->\n<title>Polityka prywatno\u015bci - Sutenerzy Tr\u00f3jmiasta<\/title>\n<meta name=\"robots\" content=\"index, follow, max-snippet:-1, max-image-preview:large, max-video-preview:-1\" \/>\n<link rel=\"canonical\" href=\"https:\/\/sutenerzytrojmiasta.pl\/?page_id=46\" \/>\n<meta property=\"og:locale\" content=\"pl_PL\" \/>\n<meta property=\"og:type\" content=\"article\" \/>\n<meta property=\"og:title\" content=\"Polityka prywatno\u015bci - Sutenerzy Tr\u00f3jmiasta\" \/>\n<meta property=\"og:url\" content=\"https:\/\/sutenerzytrojmiasta.pl\/?page_id=46\" \/>\n<meta property=\"og:site_name\" content=\"Sutenerzy Tr\u00f3jmiasta\" \/>\n<meta property=\"article:modified_time\" content=\"2025-12-10T18:09:15+00:00\" \/>\n<meta name=\"twitter:card\" content=\"summary_large_image\" \/>\n<meta name=\"twitter:label1\" content=\"Szacowany czas czytania\" \/>\n\t<meta name=\"twitter:data1\" content=\"10 minut\" \/>\n<script type=\"application\/ld+json\" class=\"yoast-schema-graph\">{\"@context\":\"https:\/\/schema.org\",\"@graph\":[{\"@type\":\"WebPage\",\"@id\":\"https:\/\/sutenerzytrojmiasta.pl\/?page_id=46\",\"url\":\"https:\/\/sutenerzytrojmiasta.pl\/?page_id=46\",\"name\":\"Polityka prywatno\u015bci - Sutenerzy Tr\u00f3jmiasta\",\"isPartOf\":{\"@id\":\"https:\/\/sutenerzytrojmiasta.pl\/#website\"},\"datePublished\":\"2025-12-10T14:07:44+00:00\",\"dateModified\":\"2025-12-10T18:09:15+00:00\",\"breadcrumb\":{\"@id\":\"https:\/\/sutenerzytrojmiasta.pl\/?page_id=46#breadcrumb\"},\"inLanguage\":\"pl-PL\",\"potentialAction\":[{\"@type\":\"ReadAction\",\"target\":[\"https:\/\/sutenerzytrojmiasta.pl\/?page_id=46\"]}]},{\"@type\":\"BreadcrumbList\",\"@id\":\"https:\/\/sutenerzytrojmiasta.pl\/?page_id=46#breadcrumb\",\"itemListElement\":[{\"@type\":\"ListItem\",\"position\":1,\"name\":\"Home\",\"item\":\"https:\/\/sutenerzytrojmiasta.pl\/\"},{\"@type\":\"ListItem\",\"position\":2,\"name\":\"Polityka prywatno\u015bci\"}]},{\"@type\":\"WebSite\",\"@id\":\"https:\/\/sutenerzytrojmiasta.pl\/#website\",\"url\":\"https:\/\/sutenerzytrojmiasta.pl\/\",\"name\":\"Sutenerzy Tr\u00f3jmiasta\",\"description\":\"\",\"publisher\":{\"@id\":\"https:\/\/sutenerzytrojmiasta.pl\/#organization\"},\"potentialAction\":[{\"@type\":\"SearchAction\",\"target\":{\"@type\":\"EntryPoint\",\"urlTemplate\":\"https:\/\/sutenerzytrojmiasta.pl\/?s={search_term_string}\"},\"query-input\":{\"@type\":\"PropertyValueSpecification\",\"valueRequired\":true,\"valueName\":\"search_term_string\"}}],\"inLanguage\":\"pl-PL\"},{\"@type\":\"Organization\",\"@id\":\"https:\/\/sutenerzytrojmiasta.pl\/#organization\",\"name\":\"Sutenerzy Tr\u00f3jmiasta\",\"url\":\"https:\/\/sutenerzytrojmiasta.pl\/\",\"logo\":{\"@type\":\"ImageObject\",\"inLanguage\":\"pl-PL\",\"@id\":\"https:\/\/sutenerzytrojmiasta.pl\/#\/schema\/logo\/image\/\",\"url\":\"https:\/\/sutenerzytrojmiasta.pl\/wp-content\/uploads\/2025\/12\/Zrzut-ekranu-2025-12-11-o-10.57.30.png\",\"contentUrl\":\"https:\/\/sutenerzytrojmiasta.pl\/wp-content\/uploads\/2025\/12\/Zrzut-ekranu-2025-12-11-o-10.57.30.png\",\"width\":766,\"height\":660,\"caption\":\"Sutenerzy Tr\u00f3jmiasta\"},\"image\":{\"@id\":\"https:\/\/sutenerzytrojmiasta.pl\/#\/schema\/logo\/image\/\"}}]}<\/script>\n<!-- \/ Yoast SEO plugin. -->","yoast_head_json":{"title":"Polityka prywatno\u015bci - Sutenerzy Tr\u00f3jmiasta","robots":{"index":"index","follow":"follow","max-snippet":"max-snippet:-1","max-image-preview":"max-image-preview:large","max-video-preview":"max-video-preview:-1"},"canonical":"https:\/\/sutenerzytrojmiasta.pl\/?page_id=46","og_locale":"pl_PL","og_type":"article","og_title":"Polityka prywatno\u015bci - Sutenerzy Tr\u00f3jmiasta","og_url":"https:\/\/sutenerzytrojmiasta.pl\/?page_id=46","og_site_name":"Sutenerzy Tr\u00f3jmiasta","article_modified_time":"2025-12-10T18:09:15+00:00","twitter_card":"summary_large_image","twitter_misc":{"Szacowany czas czytania":"10 minut"},"schema":{"@context":"https:\/\/schema.org","@graph":[{"@type":"WebPage","@id":"https:\/\/sutenerzytrojmiasta.pl\/?page_id=46","url":"https:\/\/sutenerzytrojmiasta.pl\/?page_id=46","name":"Polityka prywatno\u015bci - Sutenerzy Tr\u00f3jmiasta","isPartOf":{"@id":"https:\/\/sutenerzytrojmiasta.pl\/#website"},"datePublished":"2025-12-10T14:07:44+00:00","dateModified":"2025-12-10T18:09:15+00:00","breadcrumb":{"@id":"https:\/\/sutenerzytrojmiasta.pl\/?page_id=46#breadcrumb"},"inLanguage":"pl-PL","potentialAction":[{"@type":"ReadAction","target":["https:\/\/sutenerzytrojmiasta.pl\/?page_id=46"]}]},{"@type":"BreadcrumbList","@id":"https:\/\/sutenerzytrojmiasta.pl\/?page_id=46#breadcrumb","itemListElement":[{"@type":"ListItem","position":1,"name":"Home","item":"https:\/\/sutenerzytrojmiasta.pl\/"},{"@type":"ListItem","position":2,"name":"Polityka prywatno\u015bci"}]},{"@type":"WebSite","@id":"https:\/\/sutenerzytrojmiasta.pl\/#website","url":"https:\/\/sutenerzytrojmiasta.pl\/","name":"Sutenerzy Tr\u00f3jmiasta","description":"","publisher":{"@id":"https:\/\/sutenerzytrojmiasta.pl\/#organization"},"potentialAction":[{"@type":"SearchAction","target":{"@type":"EntryPoint","urlTemplate":"https:\/\/sutenerzytrojmiasta.pl\/?s={search_term_string}"},"query-input":{"@type":"PropertyValueSpecification","valueRequired":true,"valueName":"search_term_string"}}],"inLanguage":"pl-PL"},{"@type":"Organization","@id":"https:\/\/sutenerzytrojmiasta.pl\/#organization","name":"Sutenerzy Tr\u00f3jmiasta","url":"https:\/\/sutenerzytrojmiasta.pl\/","logo":{"@type":"ImageObject","inLanguage":"pl-PL","@id":"https:\/\/sutenerzytrojmiasta.pl\/#\/schema\/logo\/image\/","url":"https:\/\/sutenerzytrojmiasta.pl\/wp-content\/uploads\/2025\/12\/Zrzut-ekranu-2025-12-11-o-10.57.30.png","contentUrl":"https:\/\/sutenerzytrojmiasta.pl\/wp-content\/uploads\/2025\/12\/Zrzut-ekranu-2025-12-11-o-10.57.30.png","width":766,"height":660,"caption":"Sutenerzy Tr\u00f3jmiasta"},"image":{"@id":"https:\/\/sutenerzytrojmiasta.pl\/#\/schema\/logo\/image\/"}}]}},"_links":{"self":[{"href":"https:\/\/sutenerzytrojmiasta.pl\/index.php?rest_route=\/wp\/v2\/pages\/46","targetHints":{"allow":["GET"]}}],"collection":[{"href":"https:\/\/sutenerzytrojmiasta.pl\/index.php?rest_route=\/wp\/v2\/pages"}],"about":[{"href":"https:\/\/sutenerzytrojmiasta.pl\/index.php?rest_route=\/wp\/v2\/types\/page"}],"author":[{"embeddable":true,"href":"https:\/\/sutenerzytrojmiasta.pl\/index.php?rest_route=\/wp\/v2\/users\/1"}],"replies":[{"embeddable":true,"href":"https:\/\/sutenerzytrojmiasta.pl\/index.php?rest_route=%2Fwp%2Fv2%2Fcomments&post=46"}],"version-history":[{"count":2,"href":"https:\/\/sutenerzytrojmiasta.pl\/index.php?rest_route=\/wp\/v2\/pages\/46\/revisions"}],"predecessor-version":[{"id":186,"href":"https:\/\/sutenerzytrojmiasta.pl\/index.php?rest_route=\/wp\/v2\/pages\/46\/revisions\/186"}],"wp:attachment":[{"href":"https:\/\/sutenerzytrojmiasta.pl\/index.php?rest_route=%2Fwp%2Fv2%2Fmedia&parent=46"}],"curies":[{"name":"wp","href":"https:\/\/api.w.org\/{rel}","templated":true}]}}